{"id":1269,"date":"2021-02-24T15:00:55","date_gmt":"2021-02-24T14:00:55","guid":{"rendered":"https:\/\/www.matrix-engine.com\/?page_id=1269"},"modified":"2021-03-04T14:03:37","modified_gmt":"2021-03-04T13:03:37","slug":"vision","status":"publish","type":"page","link":"https:\/\/www.matrix-engine.com\/es\/vision\/","title":{"rendered":"Vision"},"content":{"rendered":"<div class=\"vce-row-container\"><div class=\"vce-row vce-element--has-background vce-row--col-gap-0 banner-height vce-row-equal-height vce-row-columns--top vce-row-content--top\" data-vce-full-width=\"true\" data-vce-stretch-content=\"true\" id=\"el-24007722\" data-vce-do-apply=\"all el-24007722\"><div class=\"vce-content-background-container\"><div class=\"vce-asset-background-simple-container vce-visible-all-only vce-asset-background-simple--style-cover vce-asset-background-simple--position-center-center\"><div class=\"vce-asset-background-simple\"><div class=\"vce-asset-background-simple-item\" style=\"background-image: url('https:\/\/www.matrix-engine.com\/wp-content\/uploads\/2021\/03\/05-VISION-BANNER-01-LIGHT.jpg');\"><\/div><\/div><\/div><\/div><div class=\"vce-row-content\" data-vce-element-content=\"true\"><div class=\"vce-col vce-col--md-auto vce-col--xs-1 vce-col--xs-last vce-col--xs-first vce-col--sm-last vce-col--sm-first vce-col--md-last vce-col--lg-last vce-col--xl-last vce-col--md-first vce-col--lg-first vce-col--xl-first\" id=\"el-c7577067\"><div class=\"vce-col-inner\" data-vce-do-apply=\"border margin background  el-c7577067\"><div class=\"vce-col-content\" data-vce-element-content=\"true\" data-vce-do-apply=\"padding el-c7577067\"><div class=\"vce-row-container\" data-vce-boxed-width=\"true\"><div class=\"vce-row vce-row--col-gap-30 vce-row-equal-height vce-row-columns--top vce-row-content--top\" id=\"el-9d438bbd\" data-vce-do-apply=\"all el-9d438bbd\"><div class=\"vce-row-content\" data-vce-element-content=\"true\"><div class=\"vce-col vce-col--md-12-58p vce-col--xs-1 vce-col--xs-last vce-col--xs-first vce-col--sm-last vce-col--sm-first vce-col--md-first vce-col--lg-first vce-col--xl-first\" id=\"el-709fbd2a\"><div class=\"vce-col-inner\" data-vce-do-apply=\"border margin background  el-709fbd2a\"><div class=\"vce-col-content\" data-vce-element-content=\"true\" data-vce-do-apply=\"padding el-709fbd2a\"><\/div><\/div><\/div><div class=\"vce-col vce-col--md-87-42p vce-col--xs-1 vce-col--xs-last vce-col--xs-first vce-col--sm-last vce-col--sm-first vce-col--md-last vce-col--lg-last vce-col--xl-last\" id=\"el-e145b66b\"><div class=\"vce-col-inner\" data-vce-do-apply=\"border margin background  el-e145b66b\"><div class=\"vce-col-content\" data-vce-element-content=\"true\" data-vce-do-apply=\"padding el-e145b66b\"><div class=\"vce-text-block\"><div class=\"vce-text-block-wrapper vce\" id=\"el-84e9bf2f\" data-vce-do-apply=\"all el-84e9bf2f\"><p><span style=\"font-family: Nunito; font-size: 36pt; font-weight: 900; font-style: normal; color: #ffffff;\">CONTROLE <\/span><\/p><p><span style=\"font-family: Nunito; font-size: 36pt; font-weight: 900; font-style: normal; color: #ffffff;\">TODOS <\/span><\/p><p><span style=\"font-family: Nunito; font-size: 36pt; font-weight: 900; font-style: normal; color: #ffffff;\">SUS DATOS<\/span><\/p><p>&nbsp;<\/p><p>&nbsp;<\/p><\/div><\/div><\/div><\/div><\/div><\/div><\/div><\/div><div class=\"vce-row-container\" data-vce-boxed-width=\"true\"><div class=\"vce-row vce-row--col-gap-30 vce-row-equal-height vce-row-columns--top vce-row-content--top\" id=\"el-f9c9f0e0\" data-vce-do-apply=\"all el-f9c9f0e0\"><div class=\"vce-row-content\" data-vce-element-content=\"true\"><div class=\"vce-col vce-col--md-auto vce-col--xs-1 vce-col--xs-last vce-col--xs-first vce-col--sm-last vce-col--sm-first vce-col--md-last vce-col--lg-last vce-col--xl-last vce-col--md-first vce-col--lg-first vce-col--xl-first\" id=\"el-05c3606b\"><div class=\"vce-col-inner\" data-vce-do-apply=\"border margin background  el-05c3606b\"><div class=\"vce-col-content\" data-vce-element-content=\"true\" data-vce-do-apply=\"padding el-05c3606b\"><\/div><\/div><\/div><\/div><\/div><\/div><div class=\"vce-row-container\" data-vce-boxed-width=\"true\"><div class=\"vce-row vce-row--col-gap-30 vce-row-equal-height vce-row-columns--top vce-row-content--top\" id=\"el-3c29d5b3\" data-vce-do-apply=\"all el-3c29d5b3\"><div class=\"vce-row-content\" data-vce-element-content=\"true\"><div class=\"vce-col vce-col--md-19-24p vce-col--xs-1 vce-col--xs-last vce-col--xs-first vce-col--sm-last vce-col--sm-first vce-col--md-first vce-col--lg-first vce-col--xl-first\" id=\"el-250796dc\"><div class=\"vce-col-inner\" data-vce-do-apply=\"border margin background  el-250796dc\"><div class=\"vce-col-content\" data-vce-element-content=\"true\" data-vce-do-apply=\"padding el-250796dc\"><\/div><\/div><\/div><div class=\"vce-col vce-col--md-30-75p vce-col--xs-1 vce-col--xs-last vce-col--xs-first vce-col--sm-last vce-col--sm-first\" id=\"el-d4fa1f03\"><div class=\"vce-col-inner\" data-vce-do-apply=\"border margin background  el-d4fa1f03\"><div class=\"vce-col-content\" data-vce-element-content=\"true\" data-vce-do-apply=\"padding el-d4fa1f03\"><div class=\"vce-single-image-container vce-single-image--align-left\"><div class=\"vce vce-single-image-wrapper\" id=\"el-43f9aec0\" data-vce-do-apply=\"all el-43f9aec0\"><figure><div class=\"vce-single-image-inner vce-single-image--absolute\" style=\"padding-bottom: 100%; width: 150px;\"><img loading=\"lazy\" class=\"vce-single-image\" width=\"150\" height=\"150\" src=\"https:\/\/www.matrix-engine.com\/wp-content\/uploads\/2021\/03\/bpifrance-entreprise-innovante-DETOUR-e1614154773392-150x150.png\" srcset=\"https:\/\/www.matrix-engine.com\/wp-content\/uploads\/2021\/03\/bpifrance-entreprise-innovante-DETOUR-e1614154773392-150x150.png 150w\" data-img-src=\"https:\/\/www.matrix-engine.com\/wp-content\/uploads\/2021\/02\/bpifrance-entreprise-innovante-DETOUR-e1614154773392.png\" alt=\"\" title=\"bpifrance-entreprise-innovante-DETOUR\" \/><\/div><figcaption hidden=\"\"><\/figcaption><\/figure><\/div><\/div><\/div><\/div><\/div><div class=\"vce-col vce-col--md-auto vce-col--xs-1 vce-col--xs-last vce-col--xs-first vce-col--sm-last vce-col--sm-first\" id=\"el-3e15b689\"><div class=\"vce-col-inner\" data-vce-do-apply=\"border margin background  el-3e15b689\"><div class=\"vce-col-content\" data-vce-element-content=\"true\" data-vce-do-apply=\"padding el-3e15b689\"><\/div><\/div><\/div><div class=\"vce-col vce-col--md-auto vce-col--xs-1 vce-col--xs-last vce-col--xs-first vce-col--sm-last vce-col--sm-first vce-col--md-last vce-col--lg-last vce-col--xl-last\" id=\"el-309e07ff\"><div class=\"vce-col-inner\" data-vce-do-apply=\"border margin background  el-309e07ff\"><div class=\"vce-col-content\" data-vce-element-content=\"true\" data-vce-do-apply=\"padding el-309e07ff\"><div class=\"vce-row-container\" data-vce-boxed-width=\"true\"><div class=\"vce-row vce-row--col-gap-30 vce-row-equal-height vce-row-columns--top vce-row-content--top\" id=\"el-f14be942\" data-vce-do-apply=\"all el-f14be942\"><div class=\"vce-row-content\" data-vce-element-content=\"true\"><div class=\"vce-col vce-col--md-auto vce-col--xs-1 vce-col--xs-last vce-col--xs-first vce-col--sm-last vce-col--sm-first vce-col--md-last vce-col--lg-last vce-col--xl-last vce-col--md-first vce-col--lg-first vce-col--xl-first\" id=\"el-b80c8a4e\"><div class=\"vce-col-inner\" data-vce-do-apply=\"border margin background  el-b80c8a4e\"><div class=\"vce-col-content\" data-vce-element-content=\"true\" data-vce-do-apply=\"padding el-b80c8a4e\"><\/div><\/div><\/div><\/div><\/div><\/div><div class=\"vce-button--style-outline-container button vce-button--style-outline-container--align-center\"><span class=\"vce-button--style-outline-wrapper vce\" id=\"el-45a76f77\" data-vce-do-apply=\"margin el-45a76f77\"><a class=\"vce-button--style-outline-animated vce-button--style-outline--border-rounded vce-button--style-outline--size-medium vce-button--style-outline-animated--color-e3e3e3--fff--3d3d3d vce-button--style-outline-animated--border-color-e3e3e3--3d3d3d vce-button--style-outline-animated--background-color-b-0-126-179\" href=\"https:\/\/www.matrix-engine.com\/es\/contacter-matrix-engine\/\" title=\"\" data-vce-do-apply=\"padding border background  el-45a76f77\"><span class=\"vce-button--style-outline-text\">Solicitar informaci\u00f3n<\/span><\/a><\/span><\/div><\/div><\/div><\/div><\/div><\/div><\/div><\/div><\/div><\/div><\/div><\/div><\/div><div class=\"vce-row-container\"><div class=\"vce-row vce-row--has-col-background vce-row--col-gap-0 vce-row-equal-height vce-row-columns--top vce-row-content--top\" data-vce-full-width=\"true\" data-vce-stretch-content=\"true\" id=\"el-19b7ca56\" data-vce-do-apply=\"all el-19b7ca56\"><div class=\"vce-content-background-container\"><\/div><div class=\"vce-row-content\" data-vce-element-content=\"true\"><div class=\"vce-col vce-element--has-background vce-col--md-50p vce-col--xs-1 vce-col--xs-last vce-col--xs-first vce-col--sm-last vce-col--sm-first vce-col--md-first vce-col--lg-first vce-col--xl-first height2\" id=\"el-745c2b07\"><div class=\"vce-col-inner\" data-vce-do-apply=\"border margin background  el-745c2b07\"><div class=\"vce-content-background-container\"><div class=\"vce-asset-background-simple-container vce-visible-all-only vce-asset-background-simple--style-cover vce-asset-background-simple--position-center-center\"><div class=\"vce-asset-background-simple\"><div class=\"vce-asset-background-simple-item\" style=\"background-image: url('https:\/\/www.matrix-engine.com\/wp-content\/uploads\/2021\/03\/05-VISION-VISION-LIGHT.jpg');\"><\/div><\/div><\/div><\/div><div class=\"vce-col-content\" data-vce-element-content=\"true\" data-vce-do-apply=\"padding el-745c2b07\"><\/div><\/div><\/div><div class=\"vce-col vce-col--md-32-76p vce-col--xs-1 vce-col--xs-last vce-col--xs-first vce-col--sm-last vce-col--sm-first\" id=\"el-3ab0efae\"><div class=\"vce-col-inner\" data-vce-do-apply=\"border margin background  el-3ab0efae\"><div class=\"vce-col-content\" data-vce-element-content=\"true\" data-vce-do-apply=\"padding el-3ab0efae\"><div class=\"vce-text-block\"><div class=\"vce-text-block-wrapper vce\" id=\"el-e1e4fcab\" data-vce-do-apply=\"all el-e1e4fcab\"><p class=\"MsoNormal\" style=\"margin-bottom: 0cm;\"><span style=\"font-family: Nunito; font-weight: bold; font-style: normal; font-size: 24pt; color: #009ee2;\"><strong>VISI\u00d3N<\/strong><\/span><\/p><p><span style=\"font-weight: bold; font-style: normal; color: #000000; font-family: Nunito;\">Imaginamos un mundo en el que los colaboradores de cada organizaci\u00f3n sepan utilizar unos datos precisos y actualizado para garantizar el \u00e9xito de sus acciones<\/span><\/p><\/div><\/div><\/div><\/div><\/div><div class=\"vce-col vce-col--md-17-24p vce-col--xs-1 vce-col--xs-last vce-col--xs-first vce-col--sm-last vce-col--sm-first vce-col--md-last vce-col--lg-last vce-col--xl-last\" id=\"el-e6995997\"><div class=\"vce-col-inner\" data-vce-do-apply=\"border margin background  el-e6995997\"><div class=\"vce-col-content\" data-vce-element-content=\"true\" data-vce-do-apply=\"padding el-e6995997\"><\/div><\/div><\/div><\/div><\/div><\/div><div class=\"vce-row-container\"><div class=\"vce-row vce-row--has-col-background vce-row--col-gap-0 vce-row-equal-height vce-row-columns--top vce-row-content--top\" data-vce-full-width=\"true\" data-vce-stretch-content=\"true\" id=\"el-9876abb1\" data-vce-do-apply=\"all el-9876abb1\"><div class=\"vce-content-background-container\"><\/div><div class=\"vce-row-content\" data-vce-element-content=\"true\"><div class=\"vce-col vce-col--md-16-66p vce-col--xs-1 vce-col--xs-last vce-col--xs-first vce-col--sm-last vce-col--sm-first vce-col--md-first vce-col--lg-first vce-col--xl-first\" id=\"el-b5f2aeaf\"><div class=\"vce-col-inner\" data-vce-do-apply=\"border margin background  el-b5f2aeaf\"><div class=\"vce-col-content\" data-vce-element-content=\"true\" data-vce-do-apply=\"padding el-b5f2aeaf\"><\/div><\/div><\/div><div class=\"vce-col vce-col--md-33-32p vce-col--xs-1 vce-col--xs-last vce-col--xs-first vce-col--sm-last vce-col--sm-first\" id=\"el-54135a22\"><div class=\"vce-col-inner\" data-vce-do-apply=\"border margin background  el-54135a22\"><div class=\"vce-col-content\" data-vce-element-content=\"true\" data-vce-do-apply=\"padding el-54135a22\"><div class=\"vce-text-block\"><div class=\"vce-text-block-wrapper vce\" id=\"el-af941bad\" data-vce-do-apply=\"all el-af941bad\"><p><span style=\"color: #009ee2; font-size: 24pt; font-family: Nunito;\"><strong>MISI\u00d3N<\/strong><\/span><\/p><p><span style=\"font-weight: bold; font-style: normal; font-family: Nunito; color: #000000;\">Poner la GMAO y sus futuros desarrollos al alcance de todas las organizaciones para fomentar su adhesi\u00f3n a la transformaci\u00f3n digital<\/span><\/p><\/div><\/div><\/div><\/div><\/div><div class=\"vce-col vce-element--has-background vce-col--md-49-98p vce-col--xs-1 vce-col--xs-last vce-col--xs-first vce-col--sm-last vce-col--sm-first vce-col--md-last vce-col--lg-last vce-col--xl-last height2\" id=\"el-db3220bb\"><div class=\"vce-col-inner\" data-vce-do-apply=\"border margin background  el-db3220bb\"><div class=\"vce-content-background-container\"><div class=\"vce-asset-background-simple-container vce-visible-all-only vce-asset-background-simple--style-cover vce-asset-background-simple--position-center-center\"><div class=\"vce-asset-background-simple\"><div class=\"vce-asset-background-simple-item\" style=\"background-image: url('https:\/\/www.matrix-engine.com\/wp-content\/uploads\/2021\/03\/05-VISION-MISSION-LIGHT.jpg');\"><\/div><\/div><\/div><\/div><div class=\"vce-col-content\" data-vce-element-content=\"true\" data-vce-do-apply=\"padding el-db3220bb\"><\/div><\/div><\/div><\/div><\/div><\/div><div class=\"vce-row-container\"><div class=\"vce-row vce-row--has-col-background vce-row--col-gap-0 vce-row-equal-height vce-row-columns--top vce-row-content--top\" data-vce-full-width=\"true\" data-vce-stretch-content=\"true\" id=\"el-13aa049a\" data-vce-do-apply=\"all el-13aa049a\"><div class=\"vce-content-background-container\"><\/div><div class=\"vce-row-content\" data-vce-element-content=\"true\"><div class=\"vce-col vce-element--has-background vce-col--md-50p vce-col--xs-1 vce-col--xs-last vce-col--xs-first vce-col--sm-last vce-col--sm-first vce-col--md-first vce-col--lg-first vce-col--xl-first\" id=\"el-1fda46fd\"><div class=\"vce-col-inner\" data-vce-do-apply=\"border margin background  el-1fda46fd\"><div class=\"vce-content-background-container\"><div class=\"vce-asset-background-simple-container vce-visible-all-only vce-asset-background-simple--style-cover vce-asset-background-simple--position-center-center\"><div class=\"vce-asset-background-simple\"><div class=\"vce-asset-background-simple-item\" style=\"background-image: url('https:\/\/www.matrix-engine.com\/wp-content\/uploads\/2021\/03\/05-VISION-VALEURS-LIGHT.jpg');\"><\/div><\/div><\/div><\/div><div class=\"vce-col-content\" data-vce-element-content=\"true\" data-vce-do-apply=\"padding el-1fda46fd\"><\/div><\/div><\/div><div class=\"vce-col vce-col--md-32-79p vce-col--xs-1 vce-col--xs-last vce-col--xs-first vce-col--sm-last vce-col--sm-first\" id=\"el-0204e5f3\"><div class=\"vce-col-inner\" data-vce-do-apply=\"border margin background  el-0204e5f3\"><div class=\"vce-col-content\" data-vce-element-content=\"true\" data-vce-do-apply=\"padding el-0204e5f3\"><div class=\"vce-text-block\"><div class=\"vce-text-block-wrapper vce\" id=\"el-20560805\" data-vce-do-apply=\"all el-20560805\"><ul><li><span style=\"font-size: 24pt; color: #009ee2; font-family: Nunito;\"><strong>VALORES<\/strong><\/span><\/li><li>&nbsp;<\/li><li><span style=\"font-family: Nunito; font-weight: 900; font-style: normal; color: #000000;\">COMPROMISO CON EL CLIENTE<\/span><\/li><li><span style=\"font-family: Nunito; font-weight: bold; font-style: normal; color: #000000;\">Asegurar en todo momento la satisfacci\u00f3n del cliente con nuestras soluciones<\/span><\/li><li>&nbsp;<\/li><li><span style=\"font-family: Nunito; font-weight: 900; font-style: normal; color: #000000;\">TALENTO<\/span><\/li><li><span style=\"font-family: Nunito; font-weight: bold; font-style: normal; color: #000000;\">Descubrir entender y resolver las necesidades y expectativas mas complejas<\/span><\/li><li>&nbsp;<\/li><li><span style=\"font-family: Nunito; font-weight: 900; font-style: normal; color: #000000;\">PRAGMATISMO<\/span><\/li><li><span style=\"font-family: Nunito; font-weight: bold; font-style: normal; color: #000000;\">Poner nuestras competencias y nuestros \u00e9xitos al servicio de productos funcionales, de alto rendimiento y fiables<\/span><\/li><li>&nbsp;<\/li><li><span style=\"font-family: Nunito; font-weight: 900; font-style: normal; color: #000000;\">COMPETITIVIDAD<\/span><\/li><li><span style=\"font-family: Nunito; font-weight: bold; font-style: normal; color: #000000;\">Ofrecer siempre la mejor calidad al mejor precio<\/span><\/li><\/ul><\/div><\/div><\/div><\/div><\/div><div class=\"vce-col vce-col--md-17-21p vce-col--xs-1 vce-col--xs-last vce-col--xs-first vce-col--sm-last vce-col--sm-first vce-col--md-last vce-col--lg-last vce-col--xl-last\" id=\"el-a0c2bf66\"><div class=\"vce-col-inner\" data-vce-do-apply=\"border margin background  el-a0c2bf66\"><div class=\"vce-col-content\" data-vce-element-content=\"true\" data-vce-do-apply=\"padding el-a0c2bf66\"><\/div><\/div><\/div><\/div><\/div><\/div>","protected":false},"excerpt":{"rendered":"<p>MA\u00ceTRISEZ TOUTES VOS DONN\u00c9ES&nbsp;&nbsp;DEMANDE D&rsquo;INFORMATIONSVISIONNous imaginons un monde o\u00f9 les membres des organisations savent ma\u00eetriser les donn\u00e9es pr\u00e9cises et actualis\u00e9es, n\u00e9cessaires \u00e0 la r\u00e9ussite de leurs actionsMISSIONMettre la GMAO et&#8230;<\/p>","protected":false},"author":1,"featured_media":0,"parent":0,"menu_order":0,"comment_status":"closed","ping_status":"closed","template":"","meta":[],"yoast_head":"<!-- This site is optimized with the Yoast SEO plugin v19.9 - https:\/\/yoast.com\/wordpress\/plugins\/seo\/ -->\n<title>Vision - Matrix Engine<\/title>\n<meta name=\"robots\" content=\"index, follow, max-snippet:-1, max-image-preview:large, max-video-preview:-1\" \/>\n<link rel=\"canonical\" href=\"https:\/\/www.matrix-engine.com\/es\/vision\/\" \/>\n<meta property=\"og:locale\" content=\"es_ES\" \/>\n<meta property=\"og:type\" content=\"article\" \/>\n<meta property=\"og:title\" content=\"Vision - Matrix Engine\" \/>\n<meta property=\"og:description\" content=\"MA\u00ceTRISEZ TOUTES VOS DONN\u00c9ES&nbsp;&nbsp;DEMANDE D&rsquo;INFORMATIONSVISIONNous imaginons un monde o\u00f9 les membres des organisations savent ma\u00eetriser les donn\u00e9es pr\u00e9cises et actualis\u00e9es, n\u00e9cessaires \u00e0 la r\u00e9ussite de leurs actionsMISSIONMettre la GMAO et...\" \/>\n<meta property=\"og:url\" content=\"https:\/\/www.matrix-engine.com\/es\/vision\/\" \/>\n<meta property=\"og:site_name\" content=\"Matrix Engine\" \/>\n<meta property=\"article:modified_time\" content=\"2021-03-04T13:03:37+00:00\" \/>\n<meta name=\"twitter:card\" content=\"summary_large_image\" \/>\n<meta name=\"twitter:site\" content=\"@EngineMatrix\" \/>\n<meta name=\"twitter:label1\" content=\"Tiempo de lectura\" \/>\n\t<meta name=\"twitter:data1\" content=\"1 minuto\" \/>\n<script type=\"application\/ld+json\" class=\"yoast-schema-graph\">{\"@context\":\"https:\/\/schema.org\",\"@graph\":[{\"@type\":\"WebPage\",\"@id\":\"https:\/\/www.matrix-engine.com\/vision\/\",\"url\":\"https:\/\/www.matrix-engine.com\/vision\/\",\"name\":\"Vision - Matrix Engine\",\"isPartOf\":{\"@id\":\"https:\/\/www.matrix-engine.com\/#website\"},\"datePublished\":\"2021-02-24T14:00:55+00:00\",\"dateModified\":\"2021-03-04T13:03:37+00:00\",\"breadcrumb\":{\"@id\":\"https:\/\/www.matrix-engine.com\/vision\/#breadcrumb\"},\"inLanguage\":\"es\",\"potentialAction\":[{\"@type\":\"ReadAction\",\"target\":[\"https:\/\/www.matrix-engine.com\/vision\/\"]}]},{\"@type\":\"BreadcrumbList\",\"@id\":\"https:\/\/www.matrix-engine.com\/vision\/#breadcrumb\",\"itemListElement\":[{\"@type\":\"ListItem\",\"position\":1,\"name\":\"Accueil\",\"item\":\"https:\/\/www.matrix-engine.com\/\"},{\"@type\":\"ListItem\",\"position\":2,\"name\":\"Vision\"}]},{\"@type\":\"WebSite\",\"@id\":\"https:\/\/www.matrix-engine.com\/#website\",\"url\":\"https:\/\/www.matrix-engine.com\/\",\"name\":\"Matrix Engine\",\"description\":\"GMAO de derni\u00e8re g\u00e9n\u00e9ration\",\"publisher\":{\"@id\":\"https:\/\/www.matrix-engine.com\/#organization\"},\"potentialAction\":[{\"@type\":\"SearchAction\",\"target\":{\"@type\":\"EntryPoint\",\"urlTemplate\":\"https:\/\/www.matrix-engine.com\/?s={search_term_string}\"},\"query-input\":\"required name=search_term_string\"}],\"inLanguage\":\"es\"},{\"@type\":\"Organization\",\"@id\":\"https:\/\/www.matrix-engine.com\/#organization\",\"name\":\"Software International Consult\",\"url\":\"https:\/\/www.matrix-engine.com\/\",\"logo\":{\"@type\":\"ImageObject\",\"inLanguage\":\"es\",\"@id\":\"https:\/\/www.matrix-engine.com\/#\/schema\/logo\/image\/\",\"url\":\"https:\/\/www.matrix-engine.com\/wp-content\/uploads\/2018\/08\/logo-retina-Matrixengine.jpg\",\"contentUrl\":\"https:\/\/www.matrix-engine.com\/wp-content\/uploads\/2018\/08\/logo-retina-Matrixengine.jpg\",\"width\":402,\"height\":502,\"caption\":\"Software International Consult\"},\"image\":{\"@id\":\"https:\/\/www.matrix-engine.com\/#\/schema\/logo\/image\/\"},\"sameAs\":[\"https:\/\/www.linkedin.com\/in\/bruno-lassausaie-63855032\/\",\"https:\/\/twitter.com\/EngineMatrix\"]}]}<\/script>\n<!-- \/ Yoast SEO plugin. -->","yoast_head_json":{"title":"Vision - Matrix Engine","robots":{"index":"index","follow":"follow","max-snippet":"max-snippet:-1","max-image-preview":"max-image-preview:large","max-video-preview":"max-video-preview:-1"},"canonical":"https:\/\/www.matrix-engine.com\/es\/vision\/","og_locale":"es_ES","og_type":"article","og_title":"Vision - Matrix Engine","og_description":"MA\u00ceTRISEZ TOUTES VOS DONN\u00c9ES&nbsp;&nbsp;DEMANDE D&rsquo;INFORMATIONSVISIONNous imaginons un monde o\u00f9 les membres des organisations savent ma\u00eetriser les donn\u00e9es pr\u00e9cises et actualis\u00e9es, n\u00e9cessaires \u00e0 la r\u00e9ussite de leurs actionsMISSIONMettre la GMAO et...","og_url":"https:\/\/www.matrix-engine.com\/es\/vision\/","og_site_name":"Matrix Engine","article_modified_time":"2021-03-04T13:03:37+00:00","twitter_card":"summary_large_image","twitter_site":"@EngineMatrix","twitter_misc":{"Tiempo de lectura":"1 minuto"},"schema":{"@context":"https:\/\/schema.org","@graph":[{"@type":"WebPage","@id":"https:\/\/www.matrix-engine.com\/vision\/","url":"https:\/\/www.matrix-engine.com\/vision\/","name":"Vision - Matrix Engine","isPartOf":{"@id":"https:\/\/www.matrix-engine.com\/#website"},"datePublished":"2021-02-24T14:00:55+00:00","dateModified":"2021-03-04T13:03:37+00:00","breadcrumb":{"@id":"https:\/\/www.matrix-engine.com\/vision\/#breadcrumb"},"inLanguage":"es","potentialAction":[{"@type":"ReadAction","target":["https:\/\/www.matrix-engine.com\/vision\/"]}]},{"@type":"BreadcrumbList","@id":"https:\/\/www.matrix-engine.com\/vision\/#breadcrumb","itemListElement":[{"@type":"ListItem","position":1,"name":"Accueil","item":"https:\/\/www.matrix-engine.com\/"},{"@type":"ListItem","position":2,"name":"Vision"}]},{"@type":"WebSite","@id":"https:\/\/www.matrix-engine.com\/#website","url":"https:\/\/www.matrix-engine.com\/","name":"Matrix Engine","description":"GMAO de derni\u00e8re g\u00e9n\u00e9ration","publisher":{"@id":"https:\/\/www.matrix-engine.com\/#organization"},"potentialAction":[{"@type":"SearchAction","target":{"@type":"EntryPoint","urlTemplate":"https:\/\/www.matrix-engine.com\/?s={search_term_string}"},"query-input":"required name=search_term_string"}],"inLanguage":"es"},{"@type":"Organization","@id":"https:\/\/www.matrix-engine.com\/#organization","name":"Software International Consult","url":"https:\/\/www.matrix-engine.com\/","logo":{"@type":"ImageObject","inLanguage":"es","@id":"https:\/\/www.matrix-engine.com\/#\/schema\/logo\/image\/","url":"https:\/\/www.matrix-engine.com\/wp-content\/uploads\/2018\/08\/logo-retina-Matrixengine.jpg","contentUrl":"https:\/\/www.matrix-engine.com\/wp-content\/uploads\/2018\/08\/logo-retina-Matrixengine.jpg","width":402,"height":502,"caption":"Software International Consult"},"image":{"@id":"https:\/\/www.matrix-engine.com\/#\/schema\/logo\/image\/"},"sameAs":["https:\/\/www.linkedin.com\/in\/bruno-lassausaie-63855032\/","https:\/\/twitter.com\/EngineMatrix"]}]}},"_links":{"self":[{"href":"https:\/\/www.matrix-engine.com\/es\/wp-json\/wp\/v2\/pages\/1269"}],"collection":[{"href":"https:\/\/www.matrix-engine.com\/es\/wp-json\/wp\/v2\/pages"}],"about":[{"href":"https:\/\/www.matrix-engine.com\/es\/wp-json\/wp\/v2\/types\/page"}],"author":[{"embeddable":true,"href":"https:\/\/www.matrix-engine.com\/es\/wp-json\/wp\/v2\/users\/1"}],"replies":[{"embeddable":true,"href":"https:\/\/www.matrix-engine.com\/es\/wp-json\/wp\/v2\/comments?post=1269"}],"version-history":[{"count":20,"href":"https:\/\/www.matrix-engine.com\/es\/wp-json\/wp\/v2\/pages\/1269\/revisions"}],"predecessor-version":[{"id":1850,"href":"https:\/\/www.matrix-engine.com\/es\/wp-json\/wp\/v2\/pages\/1269\/revisions\/1850"}],"wp:attachment":[{"href":"https:\/\/www.matrix-engine.com\/es\/wp-json\/wp\/v2\/media?parent=1269"}],"curies":[{"name":"wp","href":"https:\/\/api.w.org\/{rel}","templated":true}]}}