{"id":213,"date":"2018-08-30T11:29:31","date_gmt":"2018-08-30T09:29:31","guid":{"rendered":"http:\/\/www.matrix-engine.com\/?page_id=213"},"modified":"2019-02-20T17:08:38","modified_gmt":"2019-02-20T16:08:38","slug":"politique-de-confidentialite","status":"publish","type":"page","link":"https:\/\/www.matrix-engine.com\/en\/politique-de-confidentialite\/","title":{"rendered":"Politique de confidentialit\u00e9"},"content":{"rendered":"<div id=\"fws_69fb261305a2d\"  data-midnight=\"dark\" data-bg-mobile-hidden=\"\" class=\"wpb_row vc_row-fluid vc_row standard_section\"  style=\"padding-top: 0px; padding-bottom: 0px; \"><div class=\"row-bg-wrap\"><div class=\"inner-wrap\"> <div class=\"row-bg\"  style=\"\" data-color_overlay=\"\" data-color_overlay_2=\"\" data-gradient_direction=\"\" data-overlay_strength=\"0.3\" data-enable_gradient=\"false\"><\/div><\/div> <\/div><div class=\"col span_12 dark left\">\n\t<div  class=\"vc_col-sm-12 wpb_column column_container vc_column_container col no-extra-padding\"  data-border-radius=\"none\" data-shadow=\"none\" data-border-animation=\"\" data-border-animation-delay=\"\" data-border-width=\"none\" data-border-style=\"solid\" data-border-color=\"\" data-bg-cover=\"\" data-padding-pos=\"all\" data-has-bg-color=\"false\" data-bg-color=\"\" data-bg-opacity=\"1\" data-hover-bg=\"\" data-hover-bg-opacity=\"1\" data-animation=\"\" data-delay=\"0\">\n\t\t<div class=\"vc_column-inner\">\n\t\t\t<div class=\"wpb_wrapper\">\n\t\t\t\t\r\n\t<div class=\"wpb_text_column wpb_content_element\" >\r\n\t\t<div class=\"wpb_wrapper\">\r\n\t\t\t<p>Bienvenue sur le site Internet de Matrix Engine (ci-apr\u00e8s le \u00ab Site \u00bb). En acc\u00e9dant ou en utilisant l\u2019une quelconques des pages du Site, vous acceptez express\u00e9ment les conditions g\u00e9n\u00e9rales d\u2019utilisation \u00e9nonc\u00e9es ci-apr\u00e8s. Nous vous informons que nous nous r\u00e9servons le droit d\u2019actualiser ou de modifier les pr\u00e9sentes dispositions \u00e0 tout moment et sans avis pr\u00e9alable. C\u2019est pourquoi, nous vous invitons \u00e0 les consulter \u00e0 chaque connexion.<\/p>\n<h2>Identification<\/h2>\n<p>Editeur : Le site www.matrix-engine.com est produit par Software International Consult, soci\u00e9t\u00e9 \u00e0 responsabilit\u00e9 limit\u00e9e au capital de 21 000 euros, immatricul\u00e9e au Registre du Commerce et des Soci\u00e9t\u00e9s de Lyon sous le num\u00e9ro 53524112900019 dont le si\u00e8ge social est situ\u00e9 603 Route de Saint Germain 69380 CHASSELAY. T\u00e9l\u00e9phone : +33 (0) 962 563 899<\/p>\n<p>Directeur de publication : Sophie Lassausaie.<\/p>\n<p>H\u00e9bergement : OVH<\/p>\n<h2>Droit de propri\u00e9t\u00e9 et Restrictions d\u2019utilisation<\/h2>\n<p>Le Site ainsi que les textes et les \u00e9l\u00e9ments notamment graphiques ou photographiques le composant, sont la propri\u00e9t\u00e9 de Software International Consult ou sont utilis\u00e9s par Software International Consult avec l\u2019accord des titulaires des droits. Sachez que l\u2019ensemble des \u00e9l\u00e9ments que vous voyez, que vous \u00e9coutez ou que vous lisez sur le Site est prot\u00e9g\u00e9 par la l\u00e9gislation fran\u00e7aise, communautaire et internationale sur le droit de la propri\u00e9t\u00e9 intellectuelle. Tous les droits d\u2019auteur, marques d\u00e9pos\u00e9es et signes distinctifs (logos) figurant sur le Site (textes, images ou son) appartiennent \u00e0 Software International Consult ou appartiennent \u00e0 des tiers qui nous ont donn\u00e9 l\u2019autorisation de les utiliser.<\/p>\n<p>Vous ne disposez d\u2019aucun droit ni d\u2019aucune licence pour en faire usage de quelque fa\u00e7on que ce soit, sans l\u2019accord formel de Software International Consult ou des personnes ou organismes auxquels appartiennent ces droits d\u2019auteur ou marques d\u00e9pos\u00e9es. Aucune reproduction, utilisation et\/ou repr\u00e9sentation de tout ou d\u2019une partie du Site et\/ou des \u00e9l\u00e9ments le composant, sur quelque support que ce soit, n\u2019est autoris\u00e9e \u00e0 des fins commerciales ou professionnelles sans l\u2019accord pr\u00e9alable et \u00e9crit de Software International Consult. Toute reproduction ou utilisation non autoris\u00e9e peut entra\u00eener une violation des droits de propri\u00e9t\u00e9 intellectuelle, des droits \u00e0 l\u2019image, des droits des personnes ou de toutes autres r\u00e9glementations applicables aux communications ou \u00e0 la publicit\u00e9. Toute reproduction ou utilisation du Site et\/ ou des \u00e9l\u00e9ments le composant autoris\u00e9e par Software International Consult devra mentionner la source et le titulaire des droits de propri\u00e9t\u00e9 aff\u00e9rents. Vous reconnaissez enfin que l\u2019\u00e9tablissement d\u2019un lien vers l\u2019une des quelconques pages composant le Site requiert l\u2019autorisation expresse du directeur de la publication du Site.<\/p>\n<p>Software International Consult se r\u00e9serve le droit de demander des dommages et int\u00e9r\u00eats en cas de contrefa\u00e7on et plus g\u00e9n\u00e9ralement d\u2019atteinte \u00e0 ses droits de propri\u00e9t\u00e9 intellectuelle.<\/p>\n<h2>Protection des donn\u00e9es personnelles \u2013 Informatique et libert\u00e9s<\/h2>\n<p>Software International Consult s\u2019engage \u00e0 pr\u00e9server la confidentialit\u00e9 des informations \u00e9ventuellement fournies en ligne par l\u2019internaute. Toute information personnelle que l\u2019internaute serait amen\u00e9 \u00e0 transmettre \u00e0 Software International Consult pour l\u2019utilisation de certains services est soumise aux dispositions de la Loi n\u00b0 78-17 Informatique et Libert\u00e9s du 06 janvier 1978.<\/p>\n<p>A ce titre, l\u2019internaute dispose d\u2019un droit d\u2019acc\u00e8s, de rectification et de suppression des informations personnelles le concernant qu\u2019il peut exercer \u00e0 tout moment en adressant un courrier \u00e0 l\u2019adresse suivante :<\/p>\n<p>Protection des donn\u00e9es personnelles \u2013 Software International Consult\u2013 603 Route de Saint Germain 69380 CHASSELAY ou par email\u00a0: contact@matrix-engine.com<\/p>\n<p>Dans le cas o\u00f9 vous nous demanderiez de rectifier ou supprimer une information nominative vous concernant, nous proc\u00e9derons aux modifications requises dans les meilleurs d\u00e9lais, mais vous reconnaissez et acceptez que l\u2019information erron\u00e9e, dans sa forme originale, peut d\u00e9j\u00e0 circuler sur les r\u00e9seaux et peut continuer \u00e0 \u00eatre r\u00e9percut\u00e9e dans cette forme erron\u00e9e, et que Software International Consult ne saurait \u00eatre tenue pour responsable d\u2019une telle situation.<\/p>\n<h2>Conditions d\u2019utilisation \u2013 Responsabilit\u00e9 &amp; absence de garantie<\/h2>\n<p>Software International Consult rend disponibles les informations contenues sur le Site mais d\u00e9cline, compte tenu de la nature de l\u2019Internet notamment de ses performances techniques et des temps de r\u00e9ponse pour consulter, interroger ou transf\u00e9rer des informations, toutes responsabilit\u00e9s en cas de difficult\u00e9s d\u2019acc\u00e8s ou d\u2019interruption dans la connexion. En outre, Software International Consult se r\u00e9serve le droit, pour toutes raisons et \u00e0 sa seule discr\u00e9tion, de r\u00e9silier, de modifier, de suspendre ou d\u2019interrompre l\u2019acc\u00e8s \u00e0 tout ou \u00e0 une partie du Site, y compris le contenu, les fonctionnalit\u00e9s ou les heures de disponibilit\u00e9, sans avis pr\u00e9alable. Vous reconnaissez que tout document envoy\u00e9 \u00e0 Software International Consult \u00e0 partir du Site, tels que les questions, les commentaires, les informations, les suggestions ou ce qui est relatif au contenu de tels documents n\u2019est pas confidentiel, sauf ceux mentionn\u00e9s express\u00e9ment comme tels par \u00e9crit. Vous notez encore que toutes les donn\u00e9es ou informations figurant dans le Site vous sont FOURNIES \u00ab EN L\u2019ETAT \u00bb SANS GARANTIE D\u2019AUCUNE SORTE QU\u2019ELLE SOIT EXPLICITE OU IMPLICITE. Vous reconnaissez \u00e9galement que vous \u00eates seul responsable de l\u2019usage des donn\u00e9es ou informations contenues dans le Site.<\/p>\n<p>Le Site peut contenir des liens vers d\u2019autres sites ou des sites faisant l\u2019objet d\u2019un programme d\u2019affiliation. Software International Consult ne prend aucun engagement concernant tout autre site auquel vous pouvez avoir acc\u00e8s via le Site. De plus, un lien \u00e0 un tel site ne signifie pas que Software International Consult assume une quelconque responsabilit\u00e9 quant \u00e0 son contenu ou l\u2019usage qui peut en \u00eatre fait. Il vous incombe de prendre les pr\u00e9cautions n\u00e9cessaires pour vous assurer que le site que vous s\u00e9lectionnez pour votre usage ne soit pas infest\u00e9 de virus, de cheval de Troie ou autre parasite de nature destructive.<\/p>\n<p>Software International Consult ne peut en aucun cas \u00eatre tenue pour responsable de tous dommages de quelque nature que ce soit, et notamment de dommages directs, indirects ou sp\u00e9ciaux, r\u00e9sultant directement ou indirectement de l\u2019interpr\u00e9tation ou de l\u2019utilisation des informations contenues ou disponibles sur le Site, sauf dans le cas o\u00f9 le droit fran\u00e7ais en d\u00e9cide autrement. En cas de diff\u00e9rend portant sur l\u2019interpr\u00e9tation entre une information du Site disponible en anglais et en fran\u00e7ais, la version fran\u00e7aise pr\u00e9vaut en toute circonstance. Tout diff\u00e9rend portant sur le Site ou un des \u00e9l\u00e9ments le composant est soumis au droit fran\u00e7ais et la comp\u00e9tence expresse est attribu\u00e9e aux tribunaux comp\u00e9tents de Lyon (France).<\/p>\n\r\n\t\t<\/div>\r\n\t<\/div>\r\n<div class=\"divider-wrap\"><div style=\"height: 20px;\" class=\"divider\"><\/div><\/div>\n\t\t\t<\/div> \n\t\t<\/div>\n\t<\/div> \n<\/div><\/div>","protected":false},"excerpt":{"rendered":"Bienvenue sur le site Internet de Matrix Engine (ci-apr\u00e8s le \u00ab Site \u00bb). En acc\u00e9dant ou en utilisant l\u2019une quelconques des pages du Site, vous acceptez express\u00e9ment les conditions g\u00e9n\u00e9rales...","protected":false},"author":1,"featured_media":0,"parent":0,"menu_order":0,"comment_status":"closed","ping_status":"closed","template":"","meta":[],"yoast_head":"<!-- This site is optimized with the Yoast SEO plugin v19.9 - https:\/\/yoast.com\/wordpress\/plugins\/seo\/ -->\n<title>Politique de confidentialit\u00e9 - Matrix Engine<\/title>\n<meta name=\"description\" content=\"Matrix Engine est un produit \u00e9dit\u00e9 par la soci\u00e9t\u00e9 Software International Consult, \u00e9galement propri\u00e9taire de ce site. Pour toute question, nous contacter.\" \/>\n<meta name=\"robots\" content=\"index, follow, max-snippet:-1, max-image-preview:large, max-video-preview:-1\" \/>\n<link rel=\"canonical\" href=\"https:\/\/www.matrix-engine.com\/en\/politique-de-confidentialite\/\" \/>\n<meta property=\"og:locale\" content=\"en_GB\" \/>\n<meta property=\"og:type\" content=\"article\" \/>\n<meta property=\"og:title\" content=\"Politique de confidentialit\u00e9 - Matrix Engine\" \/>\n<meta property=\"og:description\" content=\"Matrix Engine est un produit \u00e9dit\u00e9 par la soci\u00e9t\u00e9 Software International Consult, \u00e9galement propri\u00e9taire de ce site. Pour toute question, nous contacter.\" \/>\n<meta property=\"og:url\" content=\"https:\/\/www.matrix-engine.com\/en\/politique-de-confidentialite\/\" \/>\n<meta property=\"og:site_name\" content=\"Matrix Engine\" \/>\n<meta property=\"article:modified_time\" content=\"2019-02-20T16:08:38+00:00\" \/>\n<meta name=\"twitter:card\" content=\"summary_large_image\" \/>\n<meta name=\"twitter:site\" content=\"@EngineMatrix\" \/>\n<meta name=\"twitter:label1\" content=\"Estimated reading time\" \/>\n\t<meta name=\"twitter:data1\" content=\"6 minutes\" \/>\n<script type=\"application\/ld+json\" class=\"yoast-schema-graph\">{\"@context\":\"https:\/\/schema.org\",\"@graph\":[{\"@type\":\"WebPage\",\"@id\":\"https:\/\/www.matrix-engine.com\/politique-de-confidentialite\/\",\"url\":\"https:\/\/www.matrix-engine.com\/politique-de-confidentialite\/\",\"name\":\"Politique de confidentialit\u00e9 - Matrix Engine\",\"isPartOf\":{\"@id\":\"https:\/\/www.matrix-engine.com\/#website\"},\"datePublished\":\"2018-08-30T09:29:31+00:00\",\"dateModified\":\"2019-02-20T16:08:38+00:00\",\"description\":\"Matrix Engine est un produit \u00e9dit\u00e9 par la soci\u00e9t\u00e9 Software International Consult, \u00e9galement propri\u00e9taire de ce site. Pour toute question, nous contacter.\",\"breadcrumb\":{\"@id\":\"https:\/\/www.matrix-engine.com\/politique-de-confidentialite\/#breadcrumb\"},\"inLanguage\":\"en-GB\",\"potentialAction\":[{\"@type\":\"ReadAction\",\"target\":[\"https:\/\/www.matrix-engine.com\/politique-de-confidentialite\/\"]}]},{\"@type\":\"BreadcrumbList\",\"@id\":\"https:\/\/www.matrix-engine.com\/politique-de-confidentialite\/#breadcrumb\",\"itemListElement\":[{\"@type\":\"ListItem\",\"position\":1,\"name\":\"Accueil\",\"item\":\"https:\/\/www.matrix-engine.com\/\"},{\"@type\":\"ListItem\",\"position\":2,\"name\":\"Politique de confidentialit\u00e9\"}]},{\"@type\":\"WebSite\",\"@id\":\"https:\/\/www.matrix-engine.com\/#website\",\"url\":\"https:\/\/www.matrix-engine.com\/\",\"name\":\"Matrix Engine\",\"description\":\"GMAO de derni\u00e8re g\u00e9n\u00e9ration\",\"publisher\":{\"@id\":\"https:\/\/www.matrix-engine.com\/#organization\"},\"potentialAction\":[{\"@type\":\"SearchAction\",\"target\":{\"@type\":\"EntryPoint\",\"urlTemplate\":\"https:\/\/www.matrix-engine.com\/?s={search_term_string}\"},\"query-input\":\"required name=search_term_string\"}],\"inLanguage\":\"en-GB\"},{\"@type\":\"Organization\",\"@id\":\"https:\/\/www.matrix-engine.com\/#organization\",\"name\":\"Software International Consult\",\"url\":\"https:\/\/www.matrix-engine.com\/\",\"logo\":{\"@type\":\"ImageObject\",\"inLanguage\":\"en-GB\",\"@id\":\"https:\/\/www.matrix-engine.com\/#\/schema\/logo\/image\/\",\"url\":\"https:\/\/www.matrix-engine.com\/wp-content\/uploads\/2018\/08\/logo-retina-Matrixengine.jpg\",\"contentUrl\":\"https:\/\/www.matrix-engine.com\/wp-content\/uploads\/2018\/08\/logo-retina-Matrixengine.jpg\",\"width\":402,\"height\":502,\"caption\":\"Software International Consult\"},\"image\":{\"@id\":\"https:\/\/www.matrix-engine.com\/#\/schema\/logo\/image\/\"},\"sameAs\":[\"https:\/\/www.linkedin.com\/in\/bruno-lassausaie-63855032\/\",\"https:\/\/twitter.com\/EngineMatrix\"]}]}<\/script>\n<!-- \/ Yoast SEO plugin. -->","yoast_head_json":{"title":"Politique de confidentialit\u00e9 - Matrix Engine","description":"Matrix Engine est un produit \u00e9dit\u00e9 par la soci\u00e9t\u00e9 Software International Consult, \u00e9galement propri\u00e9taire de ce site. Pour toute question, nous contacter.","robots":{"index":"index","follow":"follow","max-snippet":"max-snippet:-1","max-image-preview":"max-image-preview:large","max-video-preview":"max-video-preview:-1"},"canonical":"https:\/\/www.matrix-engine.com\/en\/politique-de-confidentialite\/","og_locale":"en_GB","og_type":"article","og_title":"Politique de confidentialit\u00e9 - Matrix Engine","og_description":"Matrix Engine est un produit \u00e9dit\u00e9 par la soci\u00e9t\u00e9 Software International Consult, \u00e9galement propri\u00e9taire de ce site. Pour toute question, nous contacter.","og_url":"https:\/\/www.matrix-engine.com\/en\/politique-de-confidentialite\/","og_site_name":"Matrix Engine","article_modified_time":"2019-02-20T16:08:38+00:00","twitter_card":"summary_large_image","twitter_site":"@EngineMatrix","twitter_misc":{"Estimated reading time":"6 minutes"},"schema":{"@context":"https:\/\/schema.org","@graph":[{"@type":"WebPage","@id":"https:\/\/www.matrix-engine.com\/politique-de-confidentialite\/","url":"https:\/\/www.matrix-engine.com\/politique-de-confidentialite\/","name":"Politique de confidentialit\u00e9 - Matrix Engine","isPartOf":{"@id":"https:\/\/www.matrix-engine.com\/#website"},"datePublished":"2018-08-30T09:29:31+00:00","dateModified":"2019-02-20T16:08:38+00:00","description":"Matrix Engine est un produit \u00e9dit\u00e9 par la soci\u00e9t\u00e9 Software International Consult, \u00e9galement propri\u00e9taire de ce site. Pour toute question, nous contacter.","breadcrumb":{"@id":"https:\/\/www.matrix-engine.com\/politique-de-confidentialite\/#breadcrumb"},"inLanguage":"en-GB","potentialAction":[{"@type":"ReadAction","target":["https:\/\/www.matrix-engine.com\/politique-de-confidentialite\/"]}]},{"@type":"BreadcrumbList","@id":"https:\/\/www.matrix-engine.com\/politique-de-confidentialite\/#breadcrumb","itemListElement":[{"@type":"ListItem","position":1,"name":"Accueil","item":"https:\/\/www.matrix-engine.com\/"},{"@type":"ListItem","position":2,"name":"Politique de confidentialit\u00e9"}]},{"@type":"WebSite","@id":"https:\/\/www.matrix-engine.com\/#website","url":"https:\/\/www.matrix-engine.com\/","name":"Matrix Engine","description":"GMAO de derni\u00e8re g\u00e9n\u00e9ration","publisher":{"@id":"https:\/\/www.matrix-engine.com\/#organization"},"potentialAction":[{"@type":"SearchAction","target":{"@type":"EntryPoint","urlTemplate":"https:\/\/www.matrix-engine.com\/?s={search_term_string}"},"query-input":"required name=search_term_string"}],"inLanguage":"en-GB"},{"@type":"Organization","@id":"https:\/\/www.matrix-engine.com\/#organization","name":"Software International Consult","url":"https:\/\/www.matrix-engine.com\/","logo":{"@type":"ImageObject","inLanguage":"en-GB","@id":"https:\/\/www.matrix-engine.com\/#\/schema\/logo\/image\/","url":"https:\/\/www.matrix-engine.com\/wp-content\/uploads\/2018\/08\/logo-retina-Matrixengine.jpg","contentUrl":"https:\/\/www.matrix-engine.com\/wp-content\/uploads\/2018\/08\/logo-retina-Matrixengine.jpg","width":402,"height":502,"caption":"Software International Consult"},"image":{"@id":"https:\/\/www.matrix-engine.com\/#\/schema\/logo\/image\/"},"sameAs":["https:\/\/www.linkedin.com\/in\/bruno-lassausaie-63855032\/","https:\/\/twitter.com\/EngineMatrix"]}]}},"_links":{"self":[{"href":"https:\/\/www.matrix-engine.com\/en\/wp-json\/wp\/v2\/pages\/213"}],"collection":[{"href":"https:\/\/www.matrix-engine.com\/en\/wp-json\/wp\/v2\/pages"}],"about":[{"href":"https:\/\/www.matrix-engine.com\/en\/wp-json\/wp\/v2\/types\/page"}],"author":[{"embeddable":true,"href":"https:\/\/www.matrix-engine.com\/en\/wp-json\/wp\/v2\/users\/1"}],"replies":[{"embeddable":true,"href":"https:\/\/www.matrix-engine.com\/en\/wp-json\/wp\/v2\/comments?post=213"}],"version-history":[{"count":4,"href":"https:\/\/www.matrix-engine.com\/en\/wp-json\/wp\/v2\/pages\/213\/revisions"}],"predecessor-version":[{"id":635,"href":"https:\/\/www.matrix-engine.com\/en\/wp-json\/wp\/v2\/pages\/213\/revisions\/635"}],"wp:attachment":[{"href":"https:\/\/www.matrix-engine.com\/en\/wp-json\/wp\/v2\/media?parent=213"}],"curies":[{"name":"wp","href":"https:\/\/api.w.org\/{rel}","templated":true}]}}